{"id":185,"date":"2025-09-21T14:46:08","date_gmt":"2025-09-21T14:46:08","guid":{"rendered":"https:\/\/educationfestspain.com\/?page_id=185"},"modified":"2026-02-23T13:32:47","modified_gmt":"2026-02-23T13:32:47","slug":"agenda","status":"publish","type":"page","link":"https:\/\/educationfestspain.com\/es\/agenda\/","title":{"rendered":"Programa"},"content":{"rendered":"<div data-elementor-type=\"wp-page\" data-elementor-id=\"185\" class=\"elementor elementor-185\" data-elementor-post-type=\"page\">\n\t\t\t\t\t\t<section class=\"elementor-section elementor-top-section elementor-element elementor-element-9f5860b elementor-section-full_width elementor-section-content-middle elementor-reverse-tablet elementor-reverse-mobile elementor-section-height-min-height elementor-section-height-default elementor-section-items-middle\" data-id=\"9f5860b\" data-element_type=\"section\" data-e-type=\"section\" data-settings=\"{&quot;background_background&quot;:&quot;classic&quot;}\">\n\t\t\t\t\t\t<div class=\"elementor-container elementor-column-gap-no\">\n\t\t\t\t\t<div class=\"elementor-column elementor-col-25 elementor-top-column elementor-element elementor-element-6375a97\" data-id=\"6375a97\" data-element_type=\"column\" data-e-type=\"column\">\n\t\t\t<div class=\"elementor-widget-wrap elementor-element-populated\">\n\t\t\t\t\t\t<div class=\"elementor-element elementor-element-2c9713f elementor-widget elementor-widget-image\" data-id=\"2c9713f\" data-element_type=\"widget\" data-e-type=\"widget\" data-widget_type=\"image.default\">\n\t\t\t\t\t\t\t\t\t\t\t\t\t\t\t<img fetchpriority=\"high\" decoding=\"async\" width=\"799\" height=\"533\" src=\"https:\/\/educationfestspain.com\/wp-content\/uploads\/2025\/09\/54135930227_7eec94d200_c.jpg\" class=\"attachment-large size-large wp-image-153\" alt=\"\" srcset=\"https:\/\/educationfestspain.com\/wp-content\/uploads\/2025\/09\/54135930227_7eec94d200_c.jpg 799w, https:\/\/educationfestspain.com\/wp-content\/uploads\/2025\/09\/54135930227_7eec94d200_c-300x200.jpg 300w, https:\/\/educationfestspain.com\/wp-content\/uploads\/2025\/09\/54135930227_7eec94d200_c-768x512.jpg 768w, https:\/\/educationfestspain.com\/wp-content\/uploads\/2025\/09\/54135930227_7eec94d200_c-18x12.jpg 18w\" sizes=\"(max-width: 799px) 100vw, 799px\" title=\"54135930227_7eec94d200_cjpg - Spain Festival of Education\" \/>\t\t\t\t\t\t\t\t\t\t\t\t\t\t\t<\/div>\n\t\t\t\t<div class=\"elementor-element elementor-element-01494f3 elementor-widget elementor-widget-image\" data-id=\"01494f3\" data-element_type=\"widget\" data-e-type=\"widget\" data-widget_type=\"image.default\">\n\t\t\t\t\t\t\t\t\t\t\t\t\t\t\t<img decoding=\"async\" width=\"799\" height=\"533\" src=\"https:\/\/educationfestspain.com\/wp-content\/uploads\/2025\/09\/54632307644_2c2875ea61_c.jpg\" class=\"attachment-large size-large wp-image-187\" alt=\"\" srcset=\"https:\/\/educationfestspain.com\/wp-content\/uploads\/2025\/09\/54632307644_2c2875ea61_c.jpg 799w, https:\/\/educationfestspain.com\/wp-content\/uploads\/2025\/09\/54632307644_2c2875ea61_c-300x200.jpg 300w, https:\/\/educationfestspain.com\/wp-content\/uploads\/2025\/09\/54632307644_2c2875ea61_c-768x512.jpg 768w, https:\/\/educationfestspain.com\/wp-content\/uploads\/2025\/09\/54632307644_2c2875ea61_c-18x12.jpg 18w\" sizes=\"(max-width: 799px) 100vw, 799px\" title=\"54632307644_2c2875ea61_cjpg - Spain Festival of Education\" \/>\t\t\t\t\t\t\t\t\t\t\t\t\t\t\t<\/div>\n\t\t\t\t\t<\/div>\n\t\t<\/div>\n\t\t\t\t<div class=\"elementor-column elementor-col-25 elementor-top-column elementor-element elementor-element-d57ddf3\" data-id=\"d57ddf3\" data-element_type=\"column\" data-e-type=\"column\">\n\t\t\t<div class=\"elementor-widget-wrap elementor-element-populated\">\n\t\t\t\t\t\t<div class=\"elementor-element elementor-element-74f1006 elementor-widget elementor-widget-image\" data-id=\"74f1006\" data-element_type=\"widget\" data-e-type=\"widget\" data-widget_type=\"image.default\">\n\t\t\t\t\t\t\t\t\t\t\t\t\t\t\t<img decoding=\"async\" width=\"799\" height=\"533\" src=\"https:\/\/educationfestspain.com\/wp-content\/uploads\/2025\/09\/54632307384_ca050293c7_c.jpg\" class=\"attachment-large size-large wp-image-188\" alt=\"\" srcset=\"https:\/\/educationfestspain.com\/wp-content\/uploads\/2025\/09\/54632307384_ca050293c7_c.jpg 799w, https:\/\/educationfestspain.com\/wp-content\/uploads\/2025\/09\/54632307384_ca050293c7_c-300x200.jpg 300w, https:\/\/educationfestspain.com\/wp-content\/uploads\/2025\/09\/54632307384_ca050293c7_c-768x512.jpg 768w, https:\/\/educationfestspain.com\/wp-content\/uploads\/2025\/09\/54632307384_ca050293c7_c-18x12.jpg 18w\" sizes=\"(max-width: 799px) 100vw, 799px\" title=\"54632307384_ca050293c7_cjpg - Spain Festival of Education\" \/>\t\t\t\t\t\t\t\t\t\t\t\t\t\t\t<\/div>\n\t\t\t\t<div class=\"elementor-element elementor-element-f683b7f elementor-widget elementor-widget-image\" data-id=\"f683b7f\" data-element_type=\"widget\" data-e-type=\"widget\" data-widget_type=\"image.default\">\n\t\t\t\t\t\t\t\t\t\t\t\t\t\t\t<img loading=\"lazy\" decoding=\"async\" width=\"799\" height=\"533\" src=\"https:\/\/educationfestspain.com\/wp-content\/uploads\/2025\/09\/54137048643_6a05311248_c.jpg\" class=\"attachment-large size-large wp-image-156\" alt=\"\" srcset=\"https:\/\/educationfestspain.com\/wp-content\/uploads\/2025\/09\/54137048643_6a05311248_c.jpg 799w, https:\/\/educationfestspain.com\/wp-content\/uploads\/2025\/09\/54137048643_6a05311248_c-300x200.jpg 300w, https:\/\/educationfestspain.com\/wp-content\/uploads\/2025\/09\/54137048643_6a05311248_c-768x512.jpg 768w, https:\/\/educationfestspain.com\/wp-content\/uploads\/2025\/09\/54137048643_6a05311248_c-18x12.jpg 18w\" sizes=\"(max-width: 799px) 100vw, 799px\" title=\"54137048643_6a05311248_cjpg - Spain Festival of Education\" \/>\t\t\t\t\t\t\t\t\t\t\t\t\t\t\t<\/div>\n\t\t\t\t\t<\/div>\n\t\t<\/div>\n\t\t\t\t<div class=\"elementor-column elementor-col-50 elementor-top-column elementor-element elementor-element-52eabca\" data-id=\"52eabca\" data-element_type=\"column\" data-e-type=\"column\">\n\t\t\t<div class=\"elementor-widget-wrap elementor-element-populated\">\n\t\t\t\t\t\t<div class=\"elementor-element elementor-element-59900d0 elementor-widget__width-initial elementor-widget elementor-widget-heading\" data-id=\"59900d0\" data-element_type=\"widget\" data-e-type=\"widget\" data-widget_type=\"heading.default\">\n\t\t\t\t\t<h1 class=\"elementor-heading-title elementor-size-default\">Programa del Festival<\/h1>\t\t\t\t<\/div>\n\t\t\t\t<div class=\"elementor-element elementor-element-21cdb40 elementor-widget elementor-widget-text-editor\" data-id=\"21cdb40\" data-element_type=\"widget\" data-e-type=\"widget\" data-widget_type=\"text-editor.default\">\n\t\t\t\t\t\t\t\t\t<p>Donde quienes inspiran encuentran su propia inspiraci\u00f3n.<\/p>\t\t\t\t\t\t\t\t<\/div>\n\t\t\t\t\t<\/div>\n\t\t<\/div>\n\t\t\t\t\t<\/div>\n\t\t<\/section>\n\t\t\t\t<section class=\"elementor-section elementor-top-section elementor-element elementor-element-5b668bd elementor-section-content-middle elementor-section-full_width elementor-reverse-mobile elementor-section-height-default elementor-section-height-default\" data-id=\"5b668bd\" data-element_type=\"section\" data-e-type=\"section\">\n\t\t\t\t\t\t<div class=\"elementor-container elementor-column-gap-no\">\n\t\t\t\t\t<div class=\"elementor-column elementor-col-50 elementor-top-column elementor-element elementor-element-94416fd\" data-id=\"94416fd\" data-element_type=\"column\" data-e-type=\"column\">\n\t\t\t<div class=\"elementor-widget-wrap elementor-element-populated\">\n\t\t\t\t\t\t<div class=\"elementor-element elementor-element-74bcb27 elementor-widget elementor-widget-image\" data-id=\"74bcb27\" data-element_type=\"widget\" data-e-type=\"widget\" data-widget_type=\"image.default\">\n\t\t\t\t\t\t\t\t\t\t\t\t\t\t\t<img loading=\"lazy\" decoding=\"async\" width=\"800\" height=\"420\" src=\"https:\/\/educationfestspain.com\/wp-content\/uploads\/2025\/09\/FOE0072-1024x538.jpg\" class=\"attachment-large size-large wp-image-189\" alt=\"\" srcset=\"https:\/\/educationfestspain.com\/wp-content\/uploads\/2025\/09\/FOE0072-1024x538.jpg 1024w, https:\/\/educationfestspain.com\/wp-content\/uploads\/2025\/09\/FOE0072-300x158.jpg 300w, https:\/\/educationfestspain.com\/wp-content\/uploads\/2025\/09\/FOE0072-768x403.jpg 768w, https:\/\/educationfestspain.com\/wp-content\/uploads\/2025\/09\/FOE0072-1536x806.jpg 1536w, https:\/\/educationfestspain.com\/wp-content\/uploads\/2025\/09\/FOE0072-18x9.jpg 18w, https:\/\/educationfestspain.com\/wp-content\/uploads\/2025\/09\/FOE0072.jpg 1600w\" sizes=\"(max-width: 800px) 100vw, 800px\" title=\"FOE0072jpg - Spain Festival of Education\" \/>\t\t\t\t\t\t\t\t\t\t\t\t\t\t\t<\/div>\n\t\t\t\t\t<\/div>\n\t\t<\/div>\n\t\t\t\t<div class=\"elementor-column elementor-col-50 elementor-top-column elementor-element elementor-element-dc5c0fb\" data-id=\"dc5c0fb\" data-element_type=\"column\" data-e-type=\"column\">\n\t\t\t<div class=\"elementor-widget-wrap elementor-element-populated\">\n\t\t\t\t\t\t<div class=\"elementor-element elementor-element-a434822 elementor-widget elementor-widget-heading\" data-id=\"a434822\" data-element_type=\"widget\" data-e-type=\"widget\" data-widget_type=\"heading.default\">\n\t\t\t\t\t<h2 class=\"elementor-heading-title elementor-size-default\">Our Agenda<\/h2>\t\t\t\t<\/div>\n\t\t\t\t<div class=\"elementor-element elementor-element-a580da2 elementor-widget elementor-widget-text-editor\" data-id=\"a580da2\" data-element_type=\"widget\" data-e-type=\"widget\" data-widget_type=\"text-editor.default\">\n\t\t\t\t\t\t\t\t\t<div><p class=\"p3\">El Spain Festival of Education ofrece un programa din\u00e1mico y flexible dise\u00f1ado para ayudarte a sacar el m\u00e1ximo partido a tu jornada. Combinando ponencias inspiradoras, talleres interactivos, paneles que invitan a la reflexi\u00f3n y oportunidades para conectar con destacados socios educativos, el Festival est\u00e1 estructurado para equilibrar el aprendizaje profesional con tiempo para reflexionar, recargar energ\u00edas y establecer nuevas conexiones.<\/p><\/div><div><p class=\"p3\">Los asistentes podr\u00e1n elegir entre m\u00e1s de 50 sesiones a lo largo del d\u00eda, explorando una amplia gama de temas que est\u00e1n dando forma a la educaci\u00f3n actual, incluyendo inteligencia artificial, oratoria, coaching, ciencia del aprendizaje, ciencia cognitiva, sostenibilidad y bienestar. Tanto si deseas profundizar en un \u00e1rea especializada como si prefieres obtener una variedad de perspectivas, la experiencia del Festival puede adaptarse a tus intereses.<\/p><\/div>\t\t\t\t\t\t\t\t<\/div>\n\t\t\t\t\t<\/div>\n\t\t<\/div>\n\t\t\t\t\t<\/div>\n\t\t<\/section>\n\t\t\t\t<section class=\"elementor-section elementor-top-section elementor-element elementor-element-9515f9a elementor-section-boxed elementor-section-height-default elementor-section-height-default\" data-id=\"9515f9a\" data-element_type=\"section\" data-e-type=\"section\">\n\t\t\t\t\t\t<div class=\"elementor-container elementor-column-gap-default\">\n\t\t\t\t\t<div class=\"elementor-column elementor-col-100 elementor-top-column elementor-element elementor-element-128b715\" data-id=\"128b715\" data-element_type=\"column\" data-e-type=\"column\">\n\t\t\t<div class=\"elementor-widget-wrap elementor-element-populated\">\n\t\t\t\t\t\t<div class=\"elementor-element elementor-element-44d7c0b elementor-widget elementor-widget-html\" data-id=\"44d7c0b\" data-element_type=\"widget\" data-e-type=\"widget\" data-widget_type=\"html.default\">\n\t\t\t\t\t<div style=\"position: relative; width: 100%; padding-top: 10000px; max-width: 1200px; margin: 0 auto;\">\n  <iframe\n    src=\" https:\/\/cvent.me\/EO7D3m\"\n    title=\"ATAs 2026 Finalists Page\"\n    style=\"position: absolute; top: 0; left: 0; width: 100%; height: 100%; border: 0;\"\n    loading=\"lazy\"\n    referrerpolicy=\"no-referrer-when-downgrade\"\n  ><\/iframe>\n<\/div>\t\t\t\t<\/div>\n\t\t\t\t\t<\/div>\n\t\t<\/div>\n\t\t\t\t\t<\/div>\n\t\t<\/section>\n\t\t\t\t<\/div>","protected":false},"excerpt":{"rendered":"<p>Festival Agenda Where those who inspire find their own inspiration. Our Agenda The Spain Festival of Education offers a dynamic and flexible schedule designed to help you make the most of your day. Blending inspiring keynote talks, interactive workshops, thought-provoking panels, and opportunities to connect with leading education partners, the Festival is structured to balance [&hellip;]<\/p>\n","protected":false},"author":1,"featured_media":0,"parent":0,"menu_order":0,"comment_status":"closed","ping_status":"closed","template":"elementor_header_footer","meta":{"footnotes":""},"class_list":["post-185","page","type-page","status-publish","hentry"],"aioseo_notices":[],"_links":{"self":[{"href":"https:\/\/educationfestspain.com\/es\/wp-json\/wp\/v2\/pages\/185","targetHints":{"allow":["GET"]}}],"collection":[{"href":"https:\/\/educationfestspain.com\/es\/wp-json\/wp\/v2\/pages"}],"about":[{"href":"https:\/\/educationfestspain.com\/es\/wp-json\/wp\/v2\/types\/page"}],"author":[{"embeddable":true,"href":"https:\/\/educationfestspain.com\/es\/wp-json\/wp\/v2\/users\/1"}],"replies":[{"embeddable":true,"href":"https:\/\/educationfestspain.com\/es\/wp-json\/wp\/v2\/comments?post=185"}],"version-history":[{"count":10,"href":"https:\/\/educationfestspain.com\/es\/wp-json\/wp\/v2\/pages\/185\/revisions"}],"predecessor-version":[{"id":573,"href":"https:\/\/educationfestspain.com\/es\/wp-json\/wp\/v2\/pages\/185\/revisions\/573"}],"wp:attachment":[{"href":"https:\/\/educationfestspain.com\/es\/wp-json\/wp\/v2\/media?parent=185"}],"curies":[{"name":"wp","href":"https:\/\/api.w.org\/{rel}","templated":true}]}}