{"id":170,"date":"2025-09-21T14:21:57","date_gmt":"2025-09-21T14:21:57","guid":{"rendered":"https:\/\/educationfestspain.com\/?page_id=170"},"modified":"2026-03-12T07:46:45","modified_gmt":"2026-03-12T07:46:45","slug":"partners","status":"publish","type":"page","link":"https:\/\/educationfestspain.com\/es\/partners\/","title":{"rendered":"Socios"},"content":{"rendered":"<div data-elementor-type=\"wp-page\" data-elementor-id=\"170\" class=\"elementor elementor-170\" data-elementor-post-type=\"page\">\n\t\t\t\t\t\t<section class=\"elementor-section elementor-top-section elementor-element elementor-element-23c0c52 elementor-section-full_width elementor-section-content-middle elementor-reverse-tablet elementor-reverse-mobile elementor-section-height-min-height elementor-section-height-default elementor-section-items-middle\" data-id=\"23c0c52\" data-element_type=\"section\" data-e-type=\"section\" data-settings=\"{&quot;background_background&quot;:&quot;classic&quot;}\">\n\t\t\t\t\t\t<div class=\"elementor-container elementor-column-gap-no\">\n\t\t\t\t\t<div class=\"elementor-column elementor-col-25 elementor-top-column elementor-element elementor-element-18fb88a\" data-id=\"18fb88a\" data-element_type=\"column\" data-e-type=\"column\">\n\t\t\t<div class=\"elementor-widget-wrap elementor-element-populated\">\n\t\t\t\t\t\t<div class=\"elementor-element elementor-element-86b7c0b elementor-widget elementor-widget-image\" data-id=\"86b7c0b\" data-element_type=\"widget\" data-e-type=\"widget\" data-widget_type=\"image.default\">\n\t\t\t\t\t\t\t\t\t\t\t\t\t\t\t<img fetchpriority=\"high\" decoding=\"async\" width=\"799\" height=\"533\" src=\"https:\/\/educationfestspain.com\/wp-content\/uploads\/2025\/09\/54135930227_7eec94d200_c.jpg\" class=\"attachment-large size-large wp-image-153\" alt=\"\" srcset=\"https:\/\/educationfestspain.com\/wp-content\/uploads\/2025\/09\/54135930227_7eec94d200_c.jpg 799w, https:\/\/educationfestspain.com\/wp-content\/uploads\/2025\/09\/54135930227_7eec94d200_c-300x200.jpg 300w, https:\/\/educationfestspain.com\/wp-content\/uploads\/2025\/09\/54135930227_7eec94d200_c-768x512.jpg 768w, https:\/\/educationfestspain.com\/wp-content\/uploads\/2025\/09\/54135930227_7eec94d200_c-18x12.jpg 18w\" sizes=\"(max-width: 799px) 100vw, 799px\" title=\"54135930227_7eec94d200_cjpg - Spain Festival of Education\" \/>\t\t\t\t\t\t\t\t\t\t\t\t\t\t\t<\/div>\n\t\t\t\t<div class=\"elementor-element elementor-element-2305898 elementor-widget elementor-widget-image\" data-id=\"2305898\" data-element_type=\"widget\" data-e-type=\"widget\" data-widget_type=\"image.default\">\n\t\t\t\t\t\t\t\t\t\t\t\t\t\t\t<img decoding=\"async\" width=\"799\" height=\"533\" src=\"https:\/\/educationfestspain.com\/wp-content\/uploads\/2025\/09\/54632307604_9345c30db8_c.jpg\" class=\"attachment-large size-large wp-image-172\" alt=\"\" srcset=\"https:\/\/educationfestspain.com\/wp-content\/uploads\/2025\/09\/54632307604_9345c30db8_c.jpg 799w, https:\/\/educationfestspain.com\/wp-content\/uploads\/2025\/09\/54632307604_9345c30db8_c-300x200.jpg 300w, https:\/\/educationfestspain.com\/wp-content\/uploads\/2025\/09\/54632307604_9345c30db8_c-768x512.jpg 768w, https:\/\/educationfestspain.com\/wp-content\/uploads\/2025\/09\/54632307604_9345c30db8_c-18x12.jpg 18w\" sizes=\"(max-width: 799px) 100vw, 799px\" title=\"54632307604_9345c30db8_cjpg - Spain Festival of Education\" \/>\t\t\t\t\t\t\t\t\t\t\t\t\t\t\t<\/div>\n\t\t\t\t\t<\/div>\n\t\t<\/div>\n\t\t\t\t<div class=\"elementor-column elementor-col-25 elementor-top-column elementor-element elementor-element-fd8eff2\" data-id=\"fd8eff2\" data-element_type=\"column\" data-e-type=\"column\">\n\t\t\t<div class=\"elementor-widget-wrap elementor-element-populated\">\n\t\t\t\t\t\t<div class=\"elementor-element elementor-element-1fcefbe elementor-widget elementor-widget-image\" data-id=\"1fcefbe\" data-element_type=\"widget\" data-e-type=\"widget\" data-widget_type=\"image.default\">\n\t\t\t\t\t\t\t\t\t\t\t\t\t\t\t<img decoding=\"async\" width=\"800\" height=\"420\" src=\"https:\/\/educationfestspain.com\/wp-content\/uploads\/2025\/09\/FOE0067-1024x538.jpg\" class=\"attachment-large size-large wp-image-173\" alt=\"\" srcset=\"https:\/\/educationfestspain.com\/wp-content\/uploads\/2025\/09\/FOE0067-1024x538.jpg 1024w, https:\/\/educationfestspain.com\/wp-content\/uploads\/2025\/09\/FOE0067-300x158.jpg 300w, https:\/\/educationfestspain.com\/wp-content\/uploads\/2025\/09\/FOE0067-768x403.jpg 768w, https:\/\/educationfestspain.com\/wp-content\/uploads\/2025\/09\/FOE0067-1536x806.jpg 1536w, https:\/\/educationfestspain.com\/wp-content\/uploads\/2025\/09\/FOE0067-18x9.jpg 18w, https:\/\/educationfestspain.com\/wp-content\/uploads\/2025\/09\/FOE0067.jpg 1600w\" sizes=\"(max-width: 800px) 100vw, 800px\" title=\"FOE0067jpg - Spain Festival of Education\" \/>\t\t\t\t\t\t\t\t\t\t\t\t\t\t\t<\/div>\n\t\t\t\t<div class=\"elementor-element elementor-element-9075864 elementor-widget elementor-widget-image\" data-id=\"9075864\" data-element_type=\"widget\" data-e-type=\"widget\" data-widget_type=\"image.default\">\n\t\t\t\t\t\t\t\t\t\t\t\t\t\t\t<img loading=\"lazy\" decoding=\"async\" width=\"799\" height=\"533\" src=\"https:\/\/educationfestspain.com\/wp-content\/uploads\/2025\/09\/54632307729_19873a3812_c.jpg\" class=\"attachment-large size-large wp-image-174\" alt=\"\" srcset=\"https:\/\/educationfestspain.com\/wp-content\/uploads\/2025\/09\/54632307729_19873a3812_c.jpg 799w, https:\/\/educationfestspain.com\/wp-content\/uploads\/2025\/09\/54632307729_19873a3812_c-300x200.jpg 300w, https:\/\/educationfestspain.com\/wp-content\/uploads\/2025\/09\/54632307729_19873a3812_c-768x512.jpg 768w, https:\/\/educationfestspain.com\/wp-content\/uploads\/2025\/09\/54632307729_19873a3812_c-18x12.jpg 18w\" sizes=\"(max-width: 799px) 100vw, 799px\" title=\"54632307729_19873a3812_cjpg - Spain Festival of Education\" \/>\t\t\t\t\t\t\t\t\t\t\t\t\t\t\t<\/div>\n\t\t\t\t\t<\/div>\n\t\t<\/div>\n\t\t\t\t<div class=\"elementor-column elementor-col-50 elementor-top-column elementor-element elementor-element-d7ba946\" data-id=\"d7ba946\" data-element_type=\"column\" data-e-type=\"column\">\n\t\t\t<div class=\"elementor-widget-wrap elementor-element-populated\">\n\t\t\t\t\t\t<div class=\"elementor-element elementor-element-7044656 elementor-widget__width-initial elementor-widget elementor-widget-heading\" data-id=\"7044656\" data-element_type=\"widget\" data-e-type=\"widget\" data-widget_type=\"heading.default\">\n\t\t\t\t\t<h1 class=\"elementor-heading-title elementor-size-default\">Nuestros Socios<\/h1>\t\t\t\t<\/div>\n\t\t\t\t<div class=\"elementor-element elementor-element-c6dffdc elementor-widget__width-initial elementor-widget elementor-widget-text-editor\" data-id=\"c6dffdc\" data-element_type=\"widget\" data-e-type=\"widget\" data-widget_type=\"text-editor.default\">\n\t\t\t\t\t\t\t\t\t<p class=\" translation-block\">Estamos encantados de presentar una amplia gama de proveedores l\u00edderes que est\u00e1n dando forma al futuro de la educaci\u00f3n. Nuestros expositores aportan una gran experiencia y nuevas ideas, ofreciendo productos y servicios innovadores que hacen que la ense\u00f1anza y el aprendizaje sean m\u00e1s efectivos y atractivos. Desde lo \u00faltimo en tecnolog\u00eda para el aula hasta recursos educativos de alta calidad, descubrir\u00e1s herramientas dise\u00f1adas para inspirar y apoyar todos los aspectos de la educaci\u00f3n.\n\n\u00bfTe interesa unirte a nosotros como socio o expositor? <a href=\"https:\/\/educationfestspain.com\/partners\/partnerships\/\" target=\"_self\">Haz clic aqu\u00ed para obtener m\u00e1s informaci\u00f3n.<\/a><\/p>\t\t\t\t\t\t\t\t<\/div>\n\t\t\t\t<div class=\"elementor-element elementor-element-6894f4b elementor-align-left elementor-widget elementor-widget-button\" data-id=\"6894f4b\" data-element_type=\"widget\" data-e-type=\"widget\" data-widget_type=\"button.default\">\n\t\t\t\t\t\t\t\t\t\t<a class=\"elementor-button elementor-button-link elementor-size-sm\" href=\"https:\/\/educationfestspain.com\/wp-content\/uploads\/2025\/09\/Spain-Festival-of-Education-Partnership-Options.pdf\">\n\t\t\t\t\t\t<span class=\"elementor-button-content-wrapper\">\n\t\t\t\t\t\t<span class=\"elementor-button-icon\">\n\t\t\t\t<svg aria-hidden=\"true\" class=\"e-font-icon-svg e-far-file-pdf\" viewbox=\"0 0 384 512\" xmlns=\"http:\/\/www.w3.org\/2000\/svg\"><path d=\"M369.9 97.9L286 14C277 5 264.8-.1 252.1-.1H48C21.5 0 0 21.5 0 48v416c0 26.5 21.5 48 48 48h288c26.5 0 48-21.5 48-48V131.9c0-12.7-5.1-25-14.1-34zM332.1 128H256V51.9l76.1 76.1zM48 464V48h160v104c0 13.3 10.7 24 24 24h104v288H48zm250.2-143.7c-12.2-12-47-8.7-64.4-6.5-17.2-10.5-28.7-25-36.8-46.3 3.9-16.1 10.1-40.6 5.4-56-4.2-26.2-37.8-23.6-42.6-5.9-4.4 16.1-.4 38.5 7 67.1-10 23.9-24.9 56-35.4 74.4-20 10.3-47 26.2-51 46.2-3.3 15.8 26 55.2 76.1-31.2 22.4-7.4 46.8-16.5 68.4-20.1 18.9 10.2 41 17 55.8 17 25.5 0 28-28.2 17.5-38.7zm-198.1 77.8c5.1-13.7 24.5-29.5 30.4-35-19 30.3-30.4 35.7-30.4 35zm81.6-190.6c7.4 0 6.7 32.1 1.8 40.8-4.4-13.9-4.3-40.8-1.8-40.8zm-24.4 136.6c9.7-16.9 18-37 24.7-54.7 8.3 15.1 18.9 27.2 30.1 35.5-20.8 4.3-38.9 13.1-54.8 19.2zm131.6-5s-5 6-37.3-7.8c35.1-2.6 40.9 5.4 37.3 7.8z\"><\/path><\/svg>\t\t\t<\/span>\n\t\t\t\t\t\t\t\t\t<span class=\"elementor-button-text\">View options<\/span>\n\t\t\t\t\t<\/span>\n\t\t\t\t\t<\/a>\n\t\t\t\t\t\t\t\t<\/div>\n\t\t\t\t\t<\/div>\n\t\t<\/div>\n\t\t\t\t\t<\/div>\n\t\t<\/section>\n\t\t\t\t<section class=\"elementor-section elementor-top-section elementor-element elementor-element-41f4e85 elementor-section-content-middle elementor-section-full_width elementor-section-height-default elementor-section-height-default\" data-id=\"41f4e85\" data-element_type=\"section\" data-e-type=\"section\">\n\t\t\t\t\t\t<div class=\"elementor-container elementor-column-gap-no\">\n\t\t\t\t\t<div class=\"elementor-column elementor-col-100 elementor-top-column elementor-element elementor-element-cb30283\" data-id=\"cb30283\" data-element_type=\"column\" data-e-type=\"column\">\n\t\t\t<div class=\"elementor-widget-wrap elementor-element-populated\">\n\t\t\t\t\t\t<div class=\"elementor-element elementor-element-d9110b2 elementor-widget elementor-widget-heading\" data-id=\"d9110b2\" data-element_type=\"widget\" data-e-type=\"widget\" data-widget_type=\"heading.default\">\n\t\t\t\t\t<h4 class=\"elementor-heading-title elementor-size-default\">Nuestros Socios Principales<\/h4>\t\t\t\t<\/div>\n\t\t\t\t<div class=\"elementor-element elementor-element-65b9205 elementor-widget elementor-widget-heading\" data-id=\"65b9205\" data-element_type=\"widget\" data-e-type=\"widget\" data-widget_type=\"heading.default\">\n\t\t\t\t\t<h5 class=\"elementor-heading-title elementor-size-default\">Impulsando el Spain Festival of Education<\/h5>\t\t\t\t<\/div>\n\t\t\t\t<div class=\"elementor-element elementor-element-20f9952 elementor-skin-carousel elementor-arrows-yes elementor-pagination-type-bullets elementor-pagination-position-outside elementor-widget elementor-widget-media-carousel\" data-id=\"20f9952\" data-element_type=\"widget\" data-e-type=\"widget\" data-settings=\"{&quot;slides_per_view&quot;:&quot;4&quot;,&quot;space_between&quot;:{&quot;unit&quot;:&quot;px&quot;,&quot;size&quot;:0,&quot;sizes&quot;:[]},&quot;skin&quot;:&quot;carousel&quot;,&quot;effect&quot;:&quot;slide&quot;,&quot;show_arrows&quot;:&quot;yes&quot;,&quot;pagination&quot;:&quot;bullets&quot;,&quot;speed&quot;:500,&quot;autoplay&quot;:&quot;yes&quot;,&quot;autoplay_speed&quot;:5000,&quot;pause_on_hover&quot;:&quot;yes&quot;,&quot;pause_on_interaction&quot;:&quot;yes&quot;,&quot;space_between_tablet&quot;:{&quot;unit&quot;:&quot;px&quot;,&quot;size&quot;:10,&quot;sizes&quot;:[]},&quot;space_between_mobile&quot;:{&quot;unit&quot;:&quot;px&quot;,&quot;size&quot;:10,&quot;sizes&quot;:[]}}\" data-widget_type=\"media-carousel.default\">\n\t\t\t\t\t\t\t\t\t\t<div class=\"elementor-main-swiper swiper\" role=\"region\" aria-roledescription=\"carousel\" aria-label=\"Slides\">\n\t\t\t\t<div class=\"swiper-wrapper\">\n\t\t\t\t\t\t\t\t\t\t\t<div class=\"swiper-slide\" role=\"group\" aria-roledescription=\"slide\">\n\t\t\t\t\t\t\t<a href=\"https:\/\/www.britishschoolbarcelona.com\/\">\t\t<div class=\"elementor-carousel-image\" role=\"img\" aria-label=\"The-British-School-of-Barcelona\" style=\"background-image: url(&#039;https:\/\/educationfestspain.com\/wp-content\/uploads\/2025\/07\/The-British-School-of-Barcelona.png&#039;)\">\n\n\t\t\t\n\t\t\t\t\t<\/div>\n\t\t\t\t\t<div class=\"elementor-carousel-image-overlay e-overlay-animation-zoom-in\">\n\t\t\t\tOrganizado por\t\t\t<\/div>\n\t\t\t<\/a>\t\t\t\t\t\t<\/div>\n\t\t\t\t\t\t\t\t\t\t\t<div class=\"swiper-slide\" role=\"group\" aria-roledescription=\"slide\">\n\t\t\t\t\t\t\t<a href=\"https:\/\/educationscape.com\/\">\t\t<div class=\"elementor-carousel-image\" role=\"img\" aria-label=\"Impulsado por\" style=\"background-image: url(&#039;https:\/\/educationfestspain.com\/wp-content\/uploads\/2025\/09\/Eduscape-f.png&#039;)\">\n\n\t\t\t\n\t\t\t\t\t<\/div>\n\t\t\t\t\t<div class=\"elementor-carousel-image-overlay e-overlay-animation-zoom-in\">\n\t\t\t\tImpulsado por\t\t\t<\/div>\n\t\t\t<\/a>\t\t\t\t\t\t<\/div>\n\t\t\t\t\t\t\t\t\t\t\t<div class=\"swiper-slide\" role=\"group\" aria-roledescription=\"slide\">\n\t\t\t\t\t\t\t<a href=\"https:\/\/thebridge.wellingtoncollege.org.uk\/\">\t\t<div class=\"elementor-carousel-image\" role=\"img\" aria-label=\"Impulsado por\" style=\"background-image: url(&#039;https:\/\/educationfestspain.com\/wp-content\/uploads\/2025\/09\/The-Bridge-WC.png&#039;)\">\n\n\t\t\t\n\t\t\t\t\t<\/div>\n\t\t\t\t\t<div class=\"elementor-carousel-image-overlay e-overlay-animation-zoom-in\">\n\t\t\t\tImpulsado por\t\t\t<\/div>\n\t\t\t<\/a>\t\t\t\t\t\t<\/div>\n\t\t\t\t\t\t\t\t\t\t\t<div class=\"swiper-slide\" role=\"group\" aria-roledescription=\"slide\">\n\t\t\t\t\t\t\t<a href=\"https:\/\/greatcampaign.com\/\">\t\t<div class=\"elementor-carousel-image\" role=\"img\" aria-label=\"Miembro de la campa\u00f1a GREAT\" style=\"background-image: url(&#039;https:\/\/educationfestspain.com\/wp-content\/uploads\/2025\/09\/GB-PTS.png&#039;)\">\n\n\t\t\t\n\t\t\t\t\t<\/div>\n\t\t\t\t\t<div class=\"elementor-carousel-image-overlay e-overlay-animation-zoom-in\">\n\t\t\t\tMiembro de la campa\u00f1a GREAT \t\t\t<\/div>\n\t\t\t<\/a>\t\t\t\t\t\t<\/div>\n\t\t\t\t\t\t\t\t\t<\/div>\n\t\t\t\t\t\t\t\t\t\t\t\t\t\t\t<div class=\"elementor-swiper-button elementor-swiper-button-prev\" role=\"button\" tabindex=\"0\" aria-label=\"Previous\">\n\t\t\t\t\t\t\t<svg aria-hidden=\"true\" class=\"e-font-icon-svg e-eicon-chevron-left\" viewbox=\"0 0 1000 1000\" xmlns=\"http:\/\/www.w3.org\/2000\/svg\"><path d=\"M646 125C629 125 613 133 604 142L308 442C296 454 292 471 292 487 292 504 296 521 308 533L604 854C617 867 629 875 646 875 663 875 679 871 692 858 704 846 713 829 713 812 713 796 708 779 692 767L438 487 692 225C700 217 708 204 708 187 708 171 704 154 692 142 675 129 663 125 646 125Z\"><\/path><\/svg>\t\t\t\t\t\t<\/div>\n\t\t\t\t\t\t<div class=\"elementor-swiper-button elementor-swiper-button-next\" role=\"button\" tabindex=\"0\" aria-label=\"Next\">\n\t\t\t\t\t\t\t<svg aria-hidden=\"true\" class=\"e-font-icon-svg e-eicon-chevron-right\" viewbox=\"0 0 1000 1000\" xmlns=\"http:\/\/www.w3.org\/2000\/svg\"><path d=\"M696 533C708 521 713 504 713 487 713 471 708 454 696 446L400 146C388 133 375 125 354 125 338 125 325 129 313 142 300 154 292 171 292 187 292 204 296 221 308 233L563 492 304 771C292 783 288 800 288 817 288 833 296 850 308 863 321 871 338 875 354 875 371 875 388 867 400 854L696 533Z\"><\/path><\/svg>\t\t\t\t\t\t<\/div>\n\t\t\t\t\t\t\t\t\t\t\t\t\t\t\t\t<div class=\"swiper-pagination\"><\/div>\n\t\t\t\t\t\t\t\t\t\t\t\t<\/div>\n\t\t\t\t\t\t\t\t<\/div>\n\t\t\t\t\t<\/div>\n\t\t<\/div>\n\t\t\t\t\t<\/div>\n\t\t<\/section>\n\t\t\t\t<section class=\"elementor-section elementor-top-section elementor-element elementor-element-2366e11 elementor-section-boxed elementor-section-height-default elementor-section-height-default\" data-id=\"2366e11\" data-element_type=\"section\" data-e-type=\"section\">\n\t\t\t\t\t\t<div class=\"elementor-container elementor-column-gap-default\">\n\t\t\t\t\t<div class=\"elementor-column elementor-col-100 elementor-top-column elementor-element elementor-element-b3856a0\" data-id=\"b3856a0\" data-element_type=\"column\" data-e-type=\"column\">\n\t\t\t<div class=\"elementor-widget-wrap elementor-element-populated\">\n\t\t\t\t\t\t<div class=\"elementor-element elementor-element-fe54f9f elementor-widget elementor-widget-heading\" data-id=\"fe54f9f\" data-element_type=\"widget\" data-e-type=\"widget\" data-widget_type=\"heading.default\">\n\t\t\t\t\t<h4 class=\"elementor-heading-title elementor-size-default\">Socios Educativos<\/h4>\t\t\t\t<\/div>\n\t\t\t\t<div class=\"elementor-element elementor-element-431d482 elementor-widget elementor-widget-heading\" data-id=\"431d482\" data-element_type=\"widget\" data-e-type=\"widget\" data-widget_type=\"heading.default\">\n\t\t\t\t\t<h5 class=\"elementor-heading-title elementor-size-default\"><p>Nuestros socios educativos desempe\u00f1an un papel fundamental en el apoyo al Festival y nos ayudan a cumplir nuestra misi\u00f3n de crear un evento inclusivo e inspirador, accesible para todos los educadores.<\/p><\/h5>\t\t\t\t<\/div>\n\t\t\t\t\t<\/div>\n\t\t<\/div>\n\t\t\t\t\t<\/div>\n\t\t<\/section>\n\t\t\t\t<section class=\"elementor-section elementor-top-section elementor-element elementor-element-bf4e4ff elementor-section-boxed elementor-section-height-default elementor-section-height-default\" data-id=\"bf4e4ff\" data-element_type=\"section\" data-e-type=\"section\">\n\t\t\t\t\t\t<div class=\"elementor-container elementor-column-gap-default\">\n\t\t\t\t\t<div class=\"elementor-column elementor-col-100 elementor-top-column elementor-element elementor-element-40f6941\" data-id=\"40f6941\" data-element_type=\"column\" data-e-type=\"column\">\n\t\t\t<div class=\"elementor-widget-wrap elementor-element-populated\">\n\t\t\t\t\t\t<div class=\"elementor-element elementor-element-a3aa13c elementor-widget elementor-widget-html\" data-id=\"a3aa13c\" data-element_type=\"widget\" data-e-type=\"widget\" data-widget_type=\"html.default\">\n\t\t\t\t\t<div style=\"position: relative; width: 100%; padding-top: 1000px; max-width: 1200px; margin: 0 auto;\">\n  <iframe\n    src=\" https:\/\/cvent.me\/DOVzWR\"\n    title=\"ATAs 2026 Finalists Page\"\n    style=\"position: absolute; top: 0; left: 0; width: 100%; height: 100%; border: 0;\"\n    loading=\"lazy\"\n    referrerpolicy=\"no-referrer-when-downgrade\"\n  ><\/iframe>\n<\/div>\t\t\t\t<\/div>\n\t\t\t\t\t<\/div>\n\t\t<\/div>\n\t\t\t\t\t<\/div>\n\t\t<\/section>\n\t\t\t\t<\/div>","protected":false},"excerpt":{"rendered":"<p>Our Partners We are proud to showcase leading suppliers in the education sector. Each exhibitor offers a wealth of expertise and innovative products designed to enhance and streamline the education experience. From cutting-edge technology solutions to educational resources, our diverse range of exhibitors ensures attendees will find tools and services to meet their needs. If [&hellip;]<\/p>\n","protected":false},"author":1,"featured_media":0,"parent":0,"menu_order":0,"comment_status":"closed","ping_status":"closed","template":"elementor_header_footer","meta":{"footnotes":""},"class_list":["post-170","page","type-page","status-publish","hentry"],"aioseo_notices":[],"_links":{"self":[{"href":"https:\/\/educationfestspain.com\/es\/wp-json\/wp\/v2\/pages\/170","targetHints":{"allow":["GET"]}}],"collection":[{"href":"https:\/\/educationfestspain.com\/es\/wp-json\/wp\/v2\/pages"}],"about":[{"href":"https:\/\/educationfestspain.com\/es\/wp-json\/wp\/v2\/types\/page"}],"author":[{"embeddable":true,"href":"https:\/\/educationfestspain.com\/es\/wp-json\/wp\/v2\/users\/1"}],"replies":[{"embeddable":true,"href":"https:\/\/educationfestspain.com\/es\/wp-json\/wp\/v2\/comments?post=170"}],"version-history":[{"count":22,"href":"https:\/\/educationfestspain.com\/es\/wp-json\/wp\/v2\/pages\/170\/revisions"}],"predecessor-version":[{"id":600,"href":"https:\/\/educationfestspain.com\/es\/wp-json\/wp\/v2\/pages\/170\/revisions\/600"}],"wp:attachment":[{"href":"https:\/\/educationfestspain.com\/es\/wp-json\/wp\/v2\/media?parent=170"}],"curies":[{"name":"wp","href":"https:\/\/api.w.org\/{rel}","templated":true}]}}